{"id":1719,"date":"2025-10-31T10:25:13","date_gmt":"2025-10-31T10:25:13","guid":{"rendered":"https:\/\/www.luacrescente.pt\/blog-new\/?page_id=1719"},"modified":"2025-11-04T10:09:05","modified_gmt":"2025-11-04T10:09:05","slug":"home","status":"publish","type":"page","link":"https:\/\/www.luacrescente.pt\/blog\/home\/","title":{"rendered":"Home"},"content":{"rendered":"","protected":false},"excerpt":{"rendered":"","protected":false},"author":1,"featured_media":0,"parent":0,"menu_order":0,"comment_status":"closed","ping_status":"closed","template":"home.php","meta":{"_acf_changed":false,"_genesis_hide_title":false,"_genesis_hide_breadcrumbs":false,"_genesis_hide_singular_image":false,"_genesis_hide_footer_widgets":false,"_genesis_custom_body_class":"","_genesis_custom_post_class":"","_genesis_layout":"","footnotes":""},"class_list":{"0":"post-1719","1":"page","2":"type-page","3":"status-publish","5":"entry"},"acf":[],"yoast_head":"<!-- This site is optimized with the Yoast SEO plugin v26.2 - https:\/\/yoast.com\/wordpress\/plugins\/seo\/ -->\n<title>Blog da Lua Crescente \u2014 Educa\u00e7\u00e3o, Autonomia e Fam\u00edlia<\/title>\n<meta name=\"description\" content=\"Descubra conte\u00fados para creche, pr\u00e9-escolar e 1.\u00ba ciclo: rotinas, leitura e alimenta\u00e7\u00e3o. Mantenha-se a par das novidades da Lua Crescente.\" \/>\n<meta name=\"robots\" content=\"index, follow, max-snippet:-1, max-image-preview:large, max-video-preview:-1\" \/>\n<link rel=\"canonical\" href=\"https:\/\/www.luacrescente.pt\/blog\/home\/\" \/>\n<meta property=\"og:locale\" content=\"pt_PT\" \/>\n<meta property=\"og:type\" content=\"article\" \/>\n<meta property=\"og:title\" content=\"Blog da Lua Crescente \u2014 Educa\u00e7\u00e3o, Autonomia e Fam\u00edlia\" \/>\n<meta property=\"og:description\" content=\"Descubra conte\u00fados para creche, pr\u00e9-escolar e 1.\u00ba ciclo: rotinas, leitura e alimenta\u00e7\u00e3o. Mantenha-se a par das novidades da Lua Crescente.\" \/>\n<meta property=\"og:url\" content=\"https:\/\/www.luacrescente.pt\/blog\/home\/\" \/>\n<meta property=\"og:site_name\" content=\"Blog da Lua Crescente \u2014 Educa\u00e7\u00e3o, Autonomia e Fam\u00edlia\" \/>\n<meta property=\"article:modified_time\" content=\"2025-11-04T10:09:05+00:00\" \/>\n<meta name=\"twitter:card\" content=\"summary_large_image\" \/>\n<script type=\"application\/ld+json\" class=\"yoast-schema-graph\">{\"@context\":\"https:\/\/schema.org\",\"@graph\":[{\"@type\":\"WebPage\",\"@id\":\"https:\/\/www.luacrescente.pt\/blog\/home\/\",\"url\":\"https:\/\/www.luacrescente.pt\/blog\/home\/\",\"name\":\"Blog da Lua Crescente \u2014 Educa\u00e7\u00e3o, Autonomia e Fam\u00edlia\",\"isPartOf\":{\"@id\":\"https:\/\/www.luacrescente.pt\/blog\/#website\"},\"datePublished\":\"2025-10-31T10:25:13+00:00\",\"dateModified\":\"2025-11-04T10:09:05+00:00\",\"description\":\"Descubra conte\u00fados para creche, pr\u00e9-escolar e 1.\u00ba ciclo: rotinas, leitura e alimenta\u00e7\u00e3o. Mantenha-se a par das novidades da Lua Crescente.\",\"breadcrumb\":{\"@id\":\"https:\/\/www.luacrescente.pt\/blog\/home\/#breadcrumb\"},\"inLanguage\":\"pt-PT\",\"potentialAction\":[{\"@type\":\"ReadAction\",\"target\":[\"https:\/\/www.luacrescente.pt\/blog\/home\/\"]}]},{\"@type\":\"BreadcrumbList\",\"@id\":\"https:\/\/www.luacrescente.pt\/blog\/home\/#breadcrumb\",\"itemListElement\":[{\"@type\":\"ListItem\",\"position\":1,\"name\":\"In\u00edcio\",\"item\":\"https:\/\/www.luacrescente.pt\/blog\/\"},{\"@type\":\"ListItem\",\"position\":2,\"name\":\"Home\"}]},{\"@type\":\"WebSite\",\"@id\":\"https:\/\/www.luacrescente.pt\/blog\/#website\",\"url\":\"https:\/\/www.luacrescente.pt\/blog\/\",\"name\":\"Blog da Lua Crescente \u2014 Educa\u00e7\u00e3o, Autonomia e Fam\u00edlia\",\"description\":\"Descubra conte\u00fados para creche, pr\u00e9-escolar e 1.\u00ba ciclo: rotinas, leitura e alimenta\u00e7\u00e3o. Mantenha-se a par das novidades da Lua Crescente.\",\"publisher\":{\"@id\":\"https:\/\/www.luacrescente.pt\/blog\/#organization\"},\"potentialAction\":[{\"@type\":\"SearchAction\",\"target\":{\"@type\":\"EntryPoint\",\"urlTemplate\":\"https:\/\/www.luacrescente.pt\/blog\/?s={search_term_string}\"},\"query-input\":{\"@type\":\"PropertyValueSpecification\",\"valueRequired\":true,\"valueName\":\"search_term_string\"}}],\"inLanguage\":\"pt-PT\"},{\"@type\":\"Organization\",\"@id\":\"https:\/\/www.luacrescente.pt\/blog\/#organization\",\"name\":\"Blog da Lua Crescente \u2014 Educa\u00e7\u00e3o, Autonomia e Fam\u00edlia\",\"url\":\"https:\/\/www.luacrescente.pt\/blog\/\",\"logo\":{\"@type\":\"ImageObject\",\"inLanguage\":\"pt-PT\",\"@id\":\"https:\/\/www.luacrescente.pt\/blog\/#\/schema\/logo\/image\/\",\"url\":\"https:\/\/www.luacrescente.pt\/blog\/wp-content\/uploads\/2020\/07\/logo-lua-crescente.png\",\"contentUrl\":\"https:\/\/www.luacrescente.pt\/blog\/wp-content\/uploads\/2020\/07\/logo-lua-crescente.png\",\"width\":260,\"height\":65,\"caption\":\"Blog da Lua Crescente \u2014 Educa\u00e7\u00e3o, Autonomia e Fam\u00edlia\"},\"image\":{\"@id\":\"https:\/\/www.luacrescente.pt\/blog\/#\/schema\/logo\/image\/\"}}]}<\/script>\n<!-- \/ Yoast SEO plugin. -->","yoast_head_json":{"title":"Blog da Lua Crescente \u2014 Educa\u00e7\u00e3o, Autonomia e Fam\u00edlia","description":"Descubra conte\u00fados para creche, pr\u00e9-escolar e 1.\u00ba ciclo: rotinas, leitura e alimenta\u00e7\u00e3o. Mantenha-se a par das novidades da Lua Crescente.","robots":{"index":"index","follow":"follow","max-snippet":"max-snippet:-1","max-image-preview":"max-image-preview:large","max-video-preview":"max-video-preview:-1"},"canonical":"https:\/\/www.luacrescente.pt\/blog\/home\/","og_locale":"pt_PT","og_type":"article","og_title":"Blog da Lua Crescente \u2014 Educa\u00e7\u00e3o, Autonomia e Fam\u00edlia","og_description":"Descubra conte\u00fados para creche, pr\u00e9-escolar e 1.\u00ba ciclo: rotinas, leitura e alimenta\u00e7\u00e3o. Mantenha-se a par das novidades da Lua Crescente.","og_url":"https:\/\/www.luacrescente.pt\/blog\/home\/","og_site_name":"Blog da Lua Crescente \u2014 Educa\u00e7\u00e3o, Autonomia e Fam\u00edlia","article_modified_time":"2025-11-04T10:09:05+00:00","twitter_card":"summary_large_image","schema":{"@context":"https:\/\/schema.org","@graph":[{"@type":"WebPage","@id":"https:\/\/www.luacrescente.pt\/blog\/home\/","url":"https:\/\/www.luacrescente.pt\/blog\/home\/","name":"Blog da Lua Crescente \u2014 Educa\u00e7\u00e3o, Autonomia e Fam\u00edlia","isPartOf":{"@id":"https:\/\/www.luacrescente.pt\/blog\/#website"},"datePublished":"2025-10-31T10:25:13+00:00","dateModified":"2025-11-04T10:09:05+00:00","description":"Descubra conte\u00fados para creche, pr\u00e9-escolar e 1.\u00ba ciclo: rotinas, leitura e alimenta\u00e7\u00e3o. Mantenha-se a par das novidades da Lua Crescente.","breadcrumb":{"@id":"https:\/\/www.luacrescente.pt\/blog\/home\/#breadcrumb"},"inLanguage":"pt-PT","potentialAction":[{"@type":"ReadAction","target":["https:\/\/www.luacrescente.pt\/blog\/home\/"]}]},{"@type":"BreadcrumbList","@id":"https:\/\/www.luacrescente.pt\/blog\/home\/#breadcrumb","itemListElement":[{"@type":"ListItem","position":1,"name":"In\u00edcio","item":"https:\/\/www.luacrescente.pt\/blog\/"},{"@type":"ListItem","position":2,"name":"Home"}]},{"@type":"WebSite","@id":"https:\/\/www.luacrescente.pt\/blog\/#website","url":"https:\/\/www.luacrescente.pt\/blog\/","name":"Blog da Lua Crescente \u2014 Educa\u00e7\u00e3o, Autonomia e Fam\u00edlia","description":"Descubra conte\u00fados para creche, pr\u00e9-escolar e 1.\u00ba ciclo: rotinas, leitura e alimenta\u00e7\u00e3o. Mantenha-se a par das novidades da Lua Crescente.","publisher":{"@id":"https:\/\/www.luacrescente.pt\/blog\/#organization"},"potentialAction":[{"@type":"SearchAction","target":{"@type":"EntryPoint","urlTemplate":"https:\/\/www.luacrescente.pt\/blog\/?s={search_term_string}"},"query-input":{"@type":"PropertyValueSpecification","valueRequired":true,"valueName":"search_term_string"}}],"inLanguage":"pt-PT"},{"@type":"Organization","@id":"https:\/\/www.luacrescente.pt\/blog\/#organization","name":"Blog da Lua Crescente \u2014 Educa\u00e7\u00e3o, Autonomia e Fam\u00edlia","url":"https:\/\/www.luacrescente.pt\/blog\/","logo":{"@type":"ImageObject","inLanguage":"pt-PT","@id":"https:\/\/www.luacrescente.pt\/blog\/#\/schema\/logo\/image\/","url":"https:\/\/www.luacrescente.pt\/blog\/wp-content\/uploads\/2020\/07\/logo-lua-crescente.png","contentUrl":"https:\/\/www.luacrescente.pt\/blog\/wp-content\/uploads\/2020\/07\/logo-lua-crescente.png","width":260,"height":65,"caption":"Blog da Lua Crescente \u2014 Educa\u00e7\u00e3o, Autonomia e Fam\u00edlia"},"image":{"@id":"https:\/\/www.luacrescente.pt\/blog\/#\/schema\/logo\/image\/"}}]}},"_links":{"self":[{"href":"https:\/\/www.luacrescente.pt\/blog\/wp-json\/wp\/v2\/pages\/1719","targetHints":{"allow":["GET"]}}],"collection":[{"href":"https:\/\/www.luacrescente.pt\/blog\/wp-json\/wp\/v2\/pages"}],"about":[{"href":"https:\/\/www.luacrescente.pt\/blog\/wp-json\/wp\/v2\/types\/page"}],"author":[{"embeddable":true,"href":"https:\/\/www.luacrescente.pt\/blog\/wp-json\/wp\/v2\/users\/1"}],"replies":[{"embeddable":true,"href":"https:\/\/www.luacrescente.pt\/blog\/wp-json\/wp\/v2\/comments?post=1719"}],"version-history":[{"count":4,"href":"https:\/\/www.luacrescente.pt\/blog\/wp-json\/wp\/v2\/pages\/1719\/revisions"}],"predecessor-version":[{"id":1790,"href":"https:\/\/www.luacrescente.pt\/blog\/wp-json\/wp\/v2\/pages\/1719\/revisions\/1790"}],"wp:attachment":[{"href":"https:\/\/www.luacrescente.pt\/blog\/wp-json\/wp\/v2\/media?parent=1719"}],"curies":[{"name":"wp","href":"https:\/\/api.w.org\/{rel}","templated":true}]}}